{"id":10364,"date":"2026-03-24T17:32:04","date_gmt":"2026-03-24T23:32:04","guid":{"rendered":"https:\/\/zonebs.com\/?page_id=10364"},"modified":"2026-03-29T11:09:19","modified_gmt":"2026-03-29T17:09:19","slug":"soluciones-digitales","status":"publish","type":"page","link":"https:\/\/zonebs.com\/index.php\/soluciones-digitales\/","title":{"rendered":"Soluciones Digitales"},"content":{"rendered":"\t\t<div data-elementor-type=\"wp-page\" data-elementor-id=\"10364\" class=\"elementor elementor-10364\" data-elementor-post-type=\"page\">\n\t\t\t\t<div class=\"elementor-element elementor-element-4c7a0d2 e-con-full e-flex e-con e-parent\" data-id=\"4c7a0d2\" data-element_type=\"container\" data-e-type=\"container\" data-settings=\"{&quot;background_background&quot;:&quot;video&quot;,&quot;background_video_link&quot;:&quot;https:\\\/\\\/zonebs.com\\\/wp-content\\\/uploads\\\/2026\\\/03\\\/Creacion_de_Secuencia_de_Graficos_de_Radio.mp4&quot;,&quot;background_play_on_mobile&quot;:&quot;yes&quot;,&quot;shape_divider_top&quot;:&quot;split&quot;,&quot;shape_divider_bottom&quot;:&quot;split&quot;}\">\n\t\t<div class=\"elementor-background-video-container\">\n\t\t\t\t\t\t\t<video class=\"elementor-background-video-hosted\" role=\"presentation\" autoplay muted playsinline loop><\/video>\n\t\t\t\t\t<\/div>\t\t<div class=\"elementor-shape elementor-shape-top\" aria-hidden=\"true\" data-negative=\"false\">\n\t\t\t<svg xmlns=\"http:\/\/www.w3.org\/2000\/svg\" viewBox=\"0 0 1000 20\" preserveAspectRatio=\"none\">\n\t<path class=\"elementor-shape-fill\" d=\"M0,0v3c0,0,393.8,0,483.4,0c9.2,0,16.6,7.4,16.6,16.6c0-9.1,7.4-16.6,16.6-16.6C606.2,3,1000,3,1000,3V0H0z\"\/>\n<\/svg>\t\t<\/div>\n\t\t\t\t<div class=\"elementor-shape elementor-shape-bottom\" aria-hidden=\"true\" data-negative=\"false\">\n\t\t\t<svg xmlns=\"http:\/\/www.w3.org\/2000\/svg\" viewBox=\"0 0 1000 20\" preserveAspectRatio=\"none\">\n\t<path class=\"elementor-shape-fill\" d=\"M0,0v3c0,0,393.8,0,483.4,0c9.2,0,16.6,7.4,16.6,16.6c0-9.1,7.4-16.6,16.6-16.6C606.2,3,1000,3,1000,3V0H0z\"\/>\n<\/svg>\t\t<\/div>\n\t\t\t\t<div class=\"elementor-element elementor-element-0ae3174 elementor-invisible elementor-widget elementor-widget-heading\" data-id=\"0ae3174\" data-element_type=\"widget\" data-e-type=\"widget\" data-settings=\"{&quot;_animation&quot;:&quot;fadeInUp&quot;}\" data-widget_type=\"heading.default\">\n\t\t\t\t\t<h1 class=\"elementor-heading-title elementor-size-default\">Soluciones Digitales para marcas que quieren crecer<\/h1>\t\t\t\t<\/div>\n\t\t\t\t<\/div>\n\t\t<div class=\"elementor-element elementor-element-4855773 e-flex e-con-boxed e-con e-parent\" data-id=\"4855773\" data-element_type=\"container\" data-e-type=\"container\" data-settings=\"{&quot;background_background&quot;:&quot;classic&quot;}\">\n\t\t\t\t\t<div class=\"e-con-inner\">\n\t\t<div class=\"elementor-element elementor-element-ba128ee e-grid e-con-full e-con e-child\" data-id=\"ba128ee\" data-element_type=\"container\" data-e-type=\"container\">\n\t\t<div class=\"elementor-element elementor-element-a64093f e-con-full ct-backdrop-s ct-boxshadow e-flex elementor-invisible e-con e-child\" data-id=\"a64093f\" data-element_type=\"container\" data-e-type=\"container\" data-settings=\"{&quot;background_background&quot;:&quot;gradient&quot;,&quot;animation&quot;:&quot;rotateInDownRight&quot;}\">\n\t\t\t\t<div class=\"elementor-element elementor-element-2c724a8 elementor-widget elementor-widget-heading\" data-id=\"2c724a8\" data-element_type=\"widget\" data-e-type=\"widget\" data-widget_type=\"heading.default\">\n\t\t\t\t\t<h3 class=\"elementor-heading-title elementor-size-default\">DISE\u00d1O DE P\u00c1GINAS WEB PROFESIONALES<\/h3>\t\t\t\t<\/div>\n\t\t\t\t<\/div>\n\t\t<div class=\"elementor-element elementor-element-4d3d288 e-con-full ct-backdrop-s ct-boxshadow e-flex elementor-invisible e-con e-child\" data-id=\"4d3d288\" data-element_type=\"container\" data-e-type=\"container\" data-settings=\"{&quot;background_background&quot;:&quot;gradient&quot;,&quot;animation&quot;:&quot;rotateInDownRight&quot;}\">\n\t\t\t\t<div class=\"elementor-element elementor-element-8350ef6 elementor-view-default elementor-widget elementor-widget-icon\" data-id=\"8350ef6\" data-element_type=\"widget\" data-e-type=\"widget\" data-widget_type=\"icon.default\">\n\t\t\t\t\t\t\t<div class=\"elementor-icon-wrapper\">\n\t\t\t<div class=\"elementor-icon\">\n\t\t\t\t\t\t<\/div>\n\t\t<\/div>\n\t\t\t\t\t\t<\/div>\n\t\t\t\t<div class=\"elementor-element elementor-element-511e13b elementor-widget elementor-widget-heading\" data-id=\"511e13b\" data-element_type=\"widget\" data-e-type=\"widget\" data-widget_type=\"heading.default\">\n\t\t\t\t\t<h3 class=\"elementor-heading-title elementor-size-default\">E-COMMERCE FUNCIONAL Y ESCALABLE<\/h3>\t\t\t\t<\/div>\n\t\t\t\t<\/div>\n\t\t<div class=\"elementor-element elementor-element-d630f06 e-con-full ct-backdrop-s ct-boxshadow e-flex elementor-invisible e-con e-child\" data-id=\"d630f06\" data-element_type=\"container\" data-e-type=\"container\" data-settings=\"{&quot;background_background&quot;:&quot;gradient&quot;,&quot;animation&quot;:&quot;rotateInDownLeft&quot;}\">\n\t\t\t\t<div class=\"elementor-element elementor-element-ed128cb elementor-widget elementor-widget-heading\" data-id=\"ed128cb\" data-element_type=\"widget\" data-e-type=\"widget\" data-widget_type=\"heading.default\">\n\t\t\t\t\t<h3 class=\"elementor-heading-title elementor-size-default\">DISE\u00d1O DE MARCA E IDENTIDAD VISUAL<\/h3>\t\t\t\t<\/div>\n\t\t\t\t<\/div>\n\t\t<div class=\"elementor-element elementor-element-09aec4d e-con-full ct-backdrop-s ct-boxshadow e-flex elementor-invisible e-con e-child\" data-id=\"09aec4d\" data-element_type=\"container\" data-e-type=\"container\" data-settings=\"{&quot;background_background&quot;:&quot;gradient&quot;,&quot;animation&quot;:&quot;rotateIn&quot;}\">\n\t\t<div class=\"elementor-element elementor-element-943c8f1 e-con-full ct-backdrop-m e-flex e-con e-child\" data-id=\"943c8f1\" data-element_type=\"container\" data-e-type=\"container\" data-settings=\"{&quot;background_background&quot;:&quot;gradient&quot;}\">\n\t\t\t\t<div class=\"elementor-element elementor-element-9343c3d elementor-widget elementor-widget-heading\" data-id=\"9343c3d\" data-element_type=\"widget\" data-e-type=\"widget\" data-widget_type=\"heading.default\">\n\t\t\t\t\t<h3 class=\"elementor-heading-title elementor-size-default\">RADIO ONLINE \/ PLATAFORMAS DE M\u00daSICA CONTINUA PARA NEGOCIOS<\/h3>\t\t\t\t<\/div>\n\t\t\t\t<\/div>\n\t\t\t\t<\/div>\n\t\t<div class=\"elementor-element elementor-element-b36f0d1 e-con-full ct-backdrop-s ct-boxshadow e-flex elementor-invisible e-con e-child\" data-id=\"b36f0d1\" data-element_type=\"container\" data-e-type=\"container\" data-settings=\"{&quot;background_background&quot;:&quot;gradient&quot;,&quot;animation&quot;:&quot;rotateInDownRight&quot;}\">\n\t\t\t\t<div class=\"elementor-element elementor-element-338ef03 elementor-widget elementor-widget-heading\" data-id=\"338ef03\" data-element_type=\"widget\" data-e-type=\"widget\" data-widget_type=\"heading.default\">\n\t\t\t\t\t<h3 class=\"elementor-heading-title elementor-size-default\">SISTEMAS CRM PARA GESTI\u00d3N DE CLIENTES Y VENTAS<\/h3>\t\t\t\t<\/div>\n\t\t\t\t<\/div>\n\t\t\t\t<\/div>\n\t\t\t\t\t<\/div>\n\t\t\t\t<\/div>\n\t\t\t\t<\/div>\n\t\t","protected":false},"excerpt":{"rendered":"<p>Soluciones Digitales para marcas que quieren crecer DISE\u00d1O DE P\u00c1GINAS WEB PROFESIONALES E-COMMERCE FUNCIONAL Y ESCALABLE DISE\u00d1O DE MARCA E IDENTIDAD VISUAL RADIO ONLINE \/ PLATAFORMAS DE M\u00daSICA CONTINUA PARA NEGOCIOS SISTEMAS CRM PARA GESTI\u00d3N DE CLIENTES Y VENTAS<\/p>\n","protected":false},"author":1,"featured_media":0,"parent":0,"menu_order":0,"comment_status":"closed","ping_status":"closed","template":"elementor_header_footer","meta":{"footnotes":""},"class_list":["post-10364","page","type-page","status-publish","hentry"],"blocksy_meta":[],"_links":{"self":[{"href":"https:\/\/zonebs.com\/index.php\/wp-json\/wp\/v2\/pages\/10364","targetHints":{"allow":["GET"]}}],"collection":[{"href":"https:\/\/zonebs.com\/index.php\/wp-json\/wp\/v2\/pages"}],"about":[{"href":"https:\/\/zonebs.com\/index.php\/wp-json\/wp\/v2\/types\/page"}],"author":[{"embeddable":true,"href":"https:\/\/zonebs.com\/index.php\/wp-json\/wp\/v2\/users\/1"}],"replies":[{"embeddable":true,"href":"https:\/\/zonebs.com\/index.php\/wp-json\/wp\/v2\/comments?post=10364"}],"version-history":[{"count":13,"href":"https:\/\/zonebs.com\/index.php\/wp-json\/wp\/v2\/pages\/10364\/revisions"}],"predecessor-version":[{"id":10387,"href":"https:\/\/zonebs.com\/index.php\/wp-json\/wp\/v2\/pages\/10364\/revisions\/10387"}],"wp:attachment":[{"href":"https:\/\/zonebs.com\/index.php\/wp-json\/wp\/v2\/media?parent=10364"}],"curies":[{"name":"wp","href":"https:\/\/api.w.org\/{rel}","templated":true}]}}