{"id":10403,"date":"2026-04-02T12:09:08","date_gmt":"2026-04-02T18:09:08","guid":{"rendered":"https:\/\/zonebs.com\/?page_id=10403"},"modified":"2026-04-02T13:13:57","modified_gmt":"2026-04-02T19:13:57","slug":"store","status":"publish","type":"page","link":"https:\/\/zonebs.com\/index.php\/store\/","title":{"rendered":"Store"},"content":{"rendered":"\t\t<div data-elementor-type=\"wp-page\" data-elementor-id=\"10403\" class=\"elementor elementor-10403\" data-elementor-post-type=\"page\">\n\t\t\t\t<div class=\"elementor-element elementor-element-db62784 e-con-full e-flex e-con e-parent\" data-id=\"db62784\" data-element_type=\"container\" data-e-type=\"container\" data-settings=\"{&quot;background_background&quot;:&quot;video&quot;,&quot;background_video_link&quot;:&quot;https:\\\/\\\/zonebs.com\\\/wp-content\\\/uploads\\\/2026\\\/03\\\/Creacion_de_Secuencia_de_Graficos_de_Radio.mp4&quot;,&quot;background_play_on_mobile&quot;:&quot;yes&quot;,&quot;shape_divider_top&quot;:&quot;split&quot;,&quot;shape_divider_bottom&quot;:&quot;split&quot;}\">\n\t\t<div class=\"elementor-background-video-container\">\n\t\t\t\t\t\t\t<video class=\"elementor-background-video-hosted\" role=\"presentation\" autoplay muted playsinline loop><\/video>\n\t\t\t\t\t<\/div>\t\t<div class=\"elementor-shape elementor-shape-top\" aria-hidden=\"true\" data-negative=\"false\">\n\t\t\t<svg xmlns=\"http:\/\/www.w3.org\/2000\/svg\" viewBox=\"0 0 1000 20\" preserveAspectRatio=\"none\">\n\t<path class=\"elementor-shape-fill\" d=\"M0,0v3c0,0,393.8,0,483.4,0c9.2,0,16.6,7.4,16.6,16.6c0-9.1,7.4-16.6,16.6-16.6C606.2,3,1000,3,1000,3V0H0z\"\/>\n<\/svg>\t\t<\/div>\n\t\t\t\t<div class=\"elementor-shape elementor-shape-bottom\" aria-hidden=\"true\" data-negative=\"false\">\n\t\t\t<svg xmlns=\"http:\/\/www.w3.org\/2000\/svg\" viewBox=\"0 0 1000 20\" preserveAspectRatio=\"none\">\n\t<path class=\"elementor-shape-fill\" d=\"M0,0v3c0,0,393.8,0,483.4,0c9.2,0,16.6,7.4,16.6,16.6c0-9.1,7.4-16.6,16.6-16.6C606.2,3,1000,3,1000,3V0H0z\"\/>\n<\/svg>\t\t<\/div>\n\t\t\t\t<div class=\"elementor-element elementor-element-16687bf elementor-invisible elementor-widget elementor-widget-heading\" data-id=\"16687bf\" data-element_type=\"widget\" data-e-type=\"widget\" data-settings=\"{&quot;_animation&quot;:&quot;fadeInUp&quot;}\" data-widget_type=\"heading.default\">\n\t\t\t\t\t<h1 class=\"elementor-heading-title elementor-size-default\">Store<\/h1>\t\t\t\t<\/div>\n\t\t\t\t<\/div>\n\t\t<div class=\"elementor-element elementor-element-7b13ed7 e-flex e-con-boxed e-con e-parent\" data-id=\"7b13ed7\" data-element_type=\"container\" data-e-type=\"container\">\n\t\t\t\t\t<div class=\"e-con-inner\">\n\t\t<div class=\"elementor-element elementor-element-8760f07 e-con-full ct-boxshadow e-flex elementor-invisible e-con e-child\" data-id=\"8760f07\" data-element_type=\"container\" data-e-type=\"container\" data-settings=\"{&quot;background_background&quot;:&quot;classic&quot;,&quot;animation&quot;:&quot;slideInRight&quot;}\">\n\t\t\t\t<div class=\"elementor-element elementor-element-2bf1232 elementor-widget__width-initial elementor-widget elementor-widget-text-editor\" data-id=\"2bf1232\" data-element_type=\"widget\" data-e-type=\"widget\" data-widget_type=\"text-editor.default\">\n\t\t\t\t\t\t\t\t\t<p><strong>Venta de Equipos Tecnol\u00f3gicos al Mayoreo y Menudeo<\/strong><\/p>\t\t\t\t\t\t\t\t<\/div>\n\t\t\t\t<div class=\"elementor-element elementor-element-568d3d4 elementor-tablet-align-center elementor-widget__width-initial elementor-icon-list--layout-traditional elementor-list-item-link-full_width elementor-widget elementor-widget-icon-list\" data-id=\"568d3d4\" data-element_type=\"widget\" data-e-type=\"widget\" data-widget_type=\"icon-list.default\">\n\t\t\t\t\t\t\t<ul class=\"elementor-icon-list-items\">\n\t\t\t\t\t\t\t<li class=\"elementor-icon-list-item\">\n\t\t\t\t\t\t\t\t\t\t\t<span class=\"elementor-icon-list-icon\">\n\t\t\t\t\t\t\t<svg aria-hidden=\"true\" class=\"e-font-icon-svg e-fas-check-circle\" viewBox=\"0 0 512 512\" xmlns=\"http:\/\/www.w3.org\/2000\/svg\"><path d=\"M504 256c0 136.967-111.033 248-248 248S8 392.967 8 256 119.033 8 256 8s248 111.033 248 248zM227.314 387.314l184-184c6.248-6.248 6.248-16.379 0-22.627l-22.627-22.627c-6.248-6.249-16.379-6.249-22.628 0L216 308.118l-70.059-70.059c-6.248-6.248-16.379-6.248-22.628 0l-22.627 22.627c-6.248 6.248-6.248 16.379 0 22.627l104 104c6.249 6.249 16.379 6.249 22.628.001z\"><\/path><\/svg>\t\t\t\t\t\t<\/span>\n\t\t\t\t\t\t\t\t\t\t<span class=\"elementor-icon-list-text\">Ofrecemos soluciones para oficinas, escuelas, profesionales y hogar.<\/span>\n\t\t\t\t\t\t\t\t\t<\/li>\n\t\t\t\t\t\t\t\t<li class=\"elementor-icon-list-item\">\n\t\t\t\t\t\t\t\t\t\t\t<span class=\"elementor-icon-list-icon\">\n\t\t\t\t\t\t\t<svg aria-hidden=\"true\" class=\"e-font-icon-svg e-fas-check-circle\" viewBox=\"0 0 512 512\" xmlns=\"http:\/\/www.w3.org\/2000\/svg\"><path d=\"M504 256c0 136.967-111.033 248-248 248S8 392.967 8 256 119.033 8 256 8s248 111.033 248 248zM227.314 387.314l184-184c6.248-6.248 6.248-16.379 0-22.627l-22.627-22.627c-6.248-6.249-16.379-6.249-22.628 0L216 308.118l-70.059-70.059c-6.248-6.248-16.379-6.248-22.628 0l-22.627 22.627c-6.248 6.248-6.248 16.379 0 22.627l104 104c6.249 6.249 16.379 6.249 22.628.001z\"><\/path><\/svg>\t\t\t\t\t\t<\/span>\n\t\t\t\t\t\t\t\t\t\t<span class=\"elementor-icon-list-text\">Contamos con equipos gamer, accesorios para gaming, podcast y streaming, adem\u00e1s de pantallas, equipos de c\u00f3mputo y figuras de colecci\u00f3n originales (incluidos Funkos).<\/span>\n\t\t\t\t\t\t\t\t\t<\/li>\n\t\t\t\t\t\t<\/ul>\n\t\t\t\t\t\t<\/div>\n\t\t\t\t<div class=\"elementor-element elementor-element-8e3081c elementor-widget__width-initial elementor-widget elementor-widget-text-editor\" data-id=\"8e3081c\" data-element_type=\"widget\" data-e-type=\"widget\" data-widget_type=\"text-editor.default\">\n\t\t\t\t\t\t\t\t\t<p>Solicita nuestras listas de precios actualizadas con tarifas preferenciales por pieza y mayoreo.<\/p>\t\t\t\t\t\t\t\t<\/div>\n\t\t\t\t<div class=\"elementor-element elementor-element-0f7f25d elementor-tablet-align-center elementor-align-left elementor-invisible elementor-widget elementor-widget-button\" data-id=\"0f7f25d\" data-element_type=\"widget\" data-e-type=\"widget\" data-settings=\"{&quot;_animation&quot;:&quot;rotateInDownRight&quot;}\" data-widget_type=\"button.default\">\n\t\t\t\t\t\t\t\t\t\t<a class=\"elementor-button elementor-button-link elementor-size-sm\" href=\"https:\/\/wa.me\/5215547903574?text=%E2%9C%A8%20Hola!%20%F0%9F%91%8B%20Llegu%C3%A9%20desde%20zonebs.com%20y%20quiero%20saber%20c%C3%B3mo%20puedo%20comprar%20%F0%9F%9B%92%20el%20producto%20que%20vi%20en%20su%20Store%E2%9C%A8\">\n\t\t\t\t\t\t<span class=\"elementor-button-content-wrapper\">\n\t\t\t\t\t\t<span class=\"elementor-button-icon\">\n\t\t\t\t<svg aria-hidden=\"true\" class=\"e-font-icon-svg e-fab-whatsapp\" viewBox=\"0 0 448 512\" xmlns=\"http:\/\/www.w3.org\/2000\/svg\"><path d=\"M380.9 97.1C339 55.1 283.2 32 223.9 32c-122.4 0-222 99.6-222 222 0 39.1 10.2 77.3 29.6 111L0 480l117.7-30.9c32.4 17.7 68.9 27 106.1 27h.1c122.3 0 224.1-99.6 224.1-222 0-59.3-25.2-115-67.1-157zm-157 341.6c-33.2 0-65.7-8.9-94-25.7l-6.7-4-69.8 18.3L72 359.2l-4.4-7c-18.5-29.4-28.2-63.3-28.2-98.2 0-101.7 82.8-184.5 184.6-184.5 49.3 0 95.6 19.2 130.4 54.1 34.8 34.9 56.2 81.2 56.1 130.5 0 101.8-84.9 184.6-186.6 184.6zm101.2-138.2c-5.5-2.8-32.8-16.2-37.9-18-5.1-1.9-8.8-2.8-12.5 2.8-3.7 5.6-14.3 18-17.6 21.8-3.2 3.7-6.5 4.2-12 1.4-32.6-16.3-54-29.1-75.5-66-5.7-9.8 5.7-9.1 16.3-30.3 1.8-3.7.9-6.9-.5-9.7-1.4-2.8-12.5-30.1-17.1-41.2-4.5-10.8-9.1-9.3-12.5-9.5-3.2-.2-6.9-.2-10.6-.2-3.7 0-9.7 1.4-14.8 6.9-5.1 5.6-19.4 19-19.4 46.3 0 27.3 19.9 53.7 22.6 57.4 2.8 3.7 39.1 59.7 94.8 83.8 35.2 15.2 49 16.5 66.6 13.9 10.7-1.6 32.8-13.4 37.4-26.4 4.6-13 4.6-24.1 3.2-26.4-1.3-2.5-5-3.9-10.5-6.6z\"><\/path><\/svg>\t\t\t<\/span>\n\t\t\t\t\t\t\t\t\t<span class=\"elementor-button-text\">Pide tu cotizaci\u00f3n v\u00eda WhatsApp<\/span>\n\t\t\t\t\t<\/span>\n\t\t\t\t\t<\/a>\n\t\t\t\t\t\t\t\t<\/div>\n\t\t\t\t<\/div>\n\t\t\t\t\t<\/div>\n\t\t\t\t<\/div>\n\t\t<div class=\"elementor-element elementor-element-3d2b775 e-flex e-con-boxed e-con e-parent\" data-id=\"3d2b775\" data-element_type=\"container\" data-e-type=\"container\" data-settings=\"{&quot;background_background&quot;:&quot;classic&quot;}\">\n\t\t\t\t\t<div class=\"e-con-inner\">\n\t\t<div class=\"elementor-element elementor-element-c839889 e-grid e-con-full e-con e-child\" data-id=\"c839889\" data-element_type=\"container\" data-e-type=\"container\">\n\t\t<div class=\"elementor-element elementor-element-47039ac e-con-full ct-backdrop-s ct-boxshadow ct-border-animation e-flex e-con e-child\" data-id=\"47039ac\" data-element_type=\"container\" data-e-type=\"container\" data-settings=\"{&quot;background_background&quot;:&quot;gradient&quot;}\">\n\t\t\t\t<div class=\"elementor-element elementor-element-5255b76 elementor-widget elementor-widget-image\" data-id=\"5255b76\" data-element_type=\"widget\" data-e-type=\"widget\" data-widget_type=\"image.default\">\n\t\t\t\t\t\t\t\t\t\t\t\t\t\t\t<img fetchpriority=\"high\" decoding=\"async\" width=\"1024\" height=\"1024\" src=\"https:\/\/zonebs.com\/wp-content\/uploads\/2026\/04\/17-1024x1024.png\" class=\"attachment-large size-large wp-image-10415\" alt=\"\" srcset=\"https:\/\/zonebs.com\/wp-content\/uploads\/2026\/04\/17-1024x1024.png 1024w, https:\/\/zonebs.com\/wp-content\/uploads\/2026\/04\/17-300x300.png 300w, https:\/\/zonebs.com\/wp-content\/uploads\/2026\/04\/17-150x150.png 150w, https:\/\/zonebs.com\/wp-content\/uploads\/2026\/04\/17-768x768.png 768w, https:\/\/zonebs.com\/wp-content\/uploads\/2026\/04\/17-1536x1536.png 1536w, https:\/\/zonebs.com\/wp-content\/uploads\/2026\/04\/17-2048x2048.png 2048w\" sizes=\"(max-width: 1024px) 100vw, 1024px\" \/>\t\t\t\t\t\t\t\t\t\t\t\t\t\t\t<\/div>\n\t\t<div class=\"elementor-element elementor-element-851acab e-con-full e-flex e-con e-child\" data-id=\"851acab\" data-element_type=\"container\" data-e-type=\"container\">\n\t\t\t\t<div class=\"elementor-element elementor-element-b7efa07 elementor-widget elementor-widget-text-editor\" data-id=\"b7efa07\" data-element_type=\"widget\" data-e-type=\"widget\" data-widget_type=\"text-editor.default\">\n\t\t\t\t\t\t\t\t\t<p>Laptop Gamer MSI Thin 15 NVIDIA GeForce RTX 4050 Intel Core i5 16GB RAM 512GB SSD Windows 11<\/p>\t\t\t\t\t\t\t\t<\/div>\n\t\t\t\t<\/div>\n\t\t<div class=\"elementor-element elementor-element-d4fb372 e-con-full e-flex e-con e-child\" data-id=\"d4fb372\" data-element_type=\"container\" data-e-type=\"container\">\n\t\t\t\t<div class=\"elementor-element elementor-element-2f4e20c elementor-widget elementor-widget-text-editor\" data-id=\"2f4e20c\" data-element_type=\"widget\" data-e-type=\"widget\" data-widget_type=\"text-editor.default\">\n\t\t\t\t\t\t\t\t\t<p>$16,900<\/p>\t\t\t\t\t\t\t\t<\/div>\n\t\t\t\t<\/div>\n\t\t\t\t<\/div>\n\t\t<div class=\"elementor-element elementor-element-8cd14d1 e-con-full ct-backdrop-s ct-boxshadow ct-border-animation e-flex e-con e-child\" data-id=\"8cd14d1\" data-element_type=\"container\" data-e-type=\"container\" data-settings=\"{&quot;background_background&quot;:&quot;gradient&quot;}\">\n\t\t\t\t<div class=\"elementor-element elementor-element-62dc198 elementor-widget elementor-widget-image\" data-id=\"62dc198\" data-element_type=\"widget\" data-e-type=\"widget\" data-widget_type=\"image.default\">\n\t\t\t\t\t\t\t\t\t\t\t\t\t\t\t<img decoding=\"async\" width=\"1024\" height=\"1024\" src=\"https:\/\/zonebs.com\/wp-content\/uploads\/2026\/04\/18-1024x1024.png\" class=\"attachment-large size-large wp-image-10416\" alt=\"\" srcset=\"https:\/\/zonebs.com\/wp-content\/uploads\/2026\/04\/18-1024x1024.png 1024w, https:\/\/zonebs.com\/wp-content\/uploads\/2026\/04\/18-300x300.png 300w, https:\/\/zonebs.com\/wp-content\/uploads\/2026\/04\/18-150x150.png 150w, https:\/\/zonebs.com\/wp-content\/uploads\/2026\/04\/18-768x768.png 768w, https:\/\/zonebs.com\/wp-content\/uploads\/2026\/04\/18-1536x1536.png 1536w, https:\/\/zonebs.com\/wp-content\/uploads\/2026\/04\/18-2048x2048.png 2048w\" sizes=\"(max-width: 1024px) 100vw, 1024px\" \/>\t\t\t\t\t\t\t\t\t\t\t\t\t\t\t<\/div>\n\t\t<div class=\"elementor-element elementor-element-bd7ad9a e-con-full e-flex e-con e-child\" data-id=\"bd7ad9a\" data-element_type=\"container\" data-e-type=\"container\">\n\t\t\t\t<div class=\"elementor-element elementor-element-fb49b2c elementor-widget elementor-widget-text-editor\" data-id=\"fb49b2c\" data-element_type=\"widget\" data-e-type=\"widget\" data-widget_type=\"text-editor.default\">\n\t\t\t\t\t\t\t\t\t<p>Playstation\u00ae5 Digital Edition \u2013 Call of Duty\u00ae: Black Ops 6 Bundle (model group \u2013 slim)<\/p>\t\t\t\t\t\t\t\t<\/div>\n\t\t\t\t<\/div>\n\t\t<div class=\"elementor-element elementor-element-c2ce5ce e-con-full e-flex e-con e-child\" data-id=\"c2ce5ce\" data-element_type=\"container\" data-e-type=\"container\">\n\t\t\t\t<div class=\"elementor-element elementor-element-92fdad9 elementor-widget elementor-widget-text-editor\" data-id=\"92fdad9\" data-element_type=\"widget\" data-e-type=\"widget\" data-widget_type=\"text-editor.default\">\n\t\t\t\t\t\t\t\t\t<p>$9,999<\/p>\t\t\t\t\t\t\t\t<\/div>\n\t\t\t\t<\/div>\n\t\t\t\t<\/div>\n\t\t<div class=\"elementor-element elementor-element-8b1d948 e-con-full ct-backdrop-s ct-boxshadow ct-border-animation e-flex e-con e-child\" data-id=\"8b1d948\" data-element_type=\"container\" data-e-type=\"container\" data-settings=\"{&quot;background_background&quot;:&quot;gradient&quot;}\">\n\t\t\t\t<div class=\"elementor-element elementor-element-1bbc45b elementor-widget elementor-widget-image\" data-id=\"1bbc45b\" data-element_type=\"widget\" data-e-type=\"widget\" data-widget_type=\"image.default\">\n\t\t\t\t\t\t\t\t\t\t\t\t\t\t\t<img decoding=\"async\" width=\"1024\" height=\"1024\" src=\"https:\/\/zonebs.com\/wp-content\/uploads\/2026\/04\/19-1024x1024.png\" class=\"attachment-large size-large wp-image-10417\" alt=\"\" srcset=\"https:\/\/zonebs.com\/wp-content\/uploads\/2026\/04\/19-1024x1024.png 1024w, https:\/\/zonebs.com\/wp-content\/uploads\/2026\/04\/19-300x300.png 300w, https:\/\/zonebs.com\/wp-content\/uploads\/2026\/04\/19-150x150.png 150w, https:\/\/zonebs.com\/wp-content\/uploads\/2026\/04\/19-768x768.png 768w, https:\/\/zonebs.com\/wp-content\/uploads\/2026\/04\/19-1536x1536.png 1536w, https:\/\/zonebs.com\/wp-content\/uploads\/2026\/04\/19-2048x2048.png 2048w\" sizes=\"(max-width: 1024px) 100vw, 1024px\" \/>\t\t\t\t\t\t\t\t\t\t\t\t\t\t\t<\/div>\n\t\t<div class=\"elementor-element elementor-element-cf0a808 e-con-full e-flex e-con e-child\" data-id=\"cf0a808\" data-element_type=\"container\" data-e-type=\"container\">\n\t\t\t\t<div class=\"elementor-element elementor-element-b990663 elementor-widget elementor-widget-text-editor\" data-id=\"b990663\" data-element_type=\"widget\" data-e-type=\"widget\" data-widget_type=\"text-editor.default\">\n\t\t\t\t\t\t\t\t\t<p>Apple &#8211; 10.9-Inch iPad &#8211; Latest Model &#8211; (10th Generation) with Wi-Fi &#8211; 256GB &#8211; Azul<\/p>\t\t\t\t\t\t\t\t<\/div>\n\t\t\t\t<\/div>\n\t\t<div class=\"elementor-element elementor-element-1cd1d2a e-con-full e-flex e-con e-child\" data-id=\"1cd1d2a\" data-element_type=\"container\" data-e-type=\"container\">\n\t\t\t\t<div class=\"elementor-element elementor-element-555cd20 elementor-widget elementor-widget-text-editor\" data-id=\"555cd20\" data-element_type=\"widget\" data-e-type=\"widget\" data-widget_type=\"text-editor.default\">\n\t\t\t\t\t\t\t\t\t<p>$8,299<\/p>\t\t\t\t\t\t\t\t<\/div>\n\t\t\t\t<\/div>\n\t\t\t\t<\/div>\n\t\t<div class=\"elementor-element elementor-element-eabd504 e-con-full ct-backdrop-s ct-boxshadow ct-border-animation e-flex e-con e-child\" data-id=\"eabd504\" data-element_type=\"container\" data-e-type=\"container\" data-settings=\"{&quot;background_background&quot;:&quot;gradient&quot;}\">\n\t\t\t\t<div class=\"elementor-element elementor-element-89241a9 elementor-widget elementor-widget-image\" data-id=\"89241a9\" data-element_type=\"widget\" data-e-type=\"widget\" data-widget_type=\"image.default\">\n\t\t\t\t\t\t\t\t\t\t\t\t\t\t\t<img loading=\"lazy\" decoding=\"async\" width=\"1024\" height=\"1024\" src=\"https:\/\/zonebs.com\/wp-content\/uploads\/2026\/04\/20-1024x1024.png\" class=\"attachment-large size-large wp-image-10418\" alt=\"\" srcset=\"https:\/\/zonebs.com\/wp-content\/uploads\/2026\/04\/20-1024x1024.png 1024w, https:\/\/zonebs.com\/wp-content\/uploads\/2026\/04\/20-300x300.png 300w, https:\/\/zonebs.com\/wp-content\/uploads\/2026\/04\/20-150x150.png 150w, https:\/\/zonebs.com\/wp-content\/uploads\/2026\/04\/20-768x768.png 768w, https:\/\/zonebs.com\/wp-content\/uploads\/2026\/04\/20-1536x1536.png 1536w, https:\/\/zonebs.com\/wp-content\/uploads\/2026\/04\/20-2048x2048.png 2048w\" sizes=\"(max-width: 1024px) 100vw, 1024px\" \/>\t\t\t\t\t\t\t\t\t\t\t\t\t\t\t<\/div>\n\t\t<div class=\"elementor-element elementor-element-2f9c752 e-con-full e-flex e-con e-child\" data-id=\"2f9c752\" data-element_type=\"container\" data-e-type=\"container\">\n\t\t\t\t<div class=\"elementor-element elementor-element-4a3e07b elementor-widget elementor-widget-text-editor\" data-id=\"4a3e07b\" data-element_type=\"widget\" data-e-type=\"widget\" data-widget_type=\"text-editor.default\">\n\t\t\t\t\t\t\t\t\t<p>TV SONY 65&#8243; LED 4K 3840 X 2160 60Hz <br \/>SMART TV FULL WEB, GOOGLE TV, BLUETOOTH, <br \/>PROCESADOR X1 HDR 10 MOTIONFLOW XR240, VOICE CONTROL, SCREEN MIRRORING (Reacondicionado)<\/p>\t\t\t\t\t\t\t\t<\/div>\n\t\t\t\t<\/div>\n\t\t<div class=\"elementor-element elementor-element-e4afcc6 e-con-full e-flex e-con e-child\" data-id=\"e4afcc6\" data-element_type=\"container\" data-e-type=\"container\">\n\t\t\t\t<div class=\"elementor-element elementor-element-042473c elementor-widget elementor-widget-text-editor\" data-id=\"042473c\" data-element_type=\"widget\" data-e-type=\"widget\" data-widget_type=\"text-editor.default\">\n\t\t\t\t\t\t\t\t\t<p>$9,299<\/p>\t\t\t\t\t\t\t\t<\/div>\n\t\t\t\t<\/div>\n\t\t\t\t<\/div>\n\t\t\t\t<\/div>\n\t\t\t\t\t<\/div>\n\t\t\t\t<\/div>\n\t\t\t\t<\/div>\n\t\t","protected":false},"excerpt":{"rendered":"<p>Store Venta de Equipos Tecnol\u00f3gicos al Mayoreo y Menudeo Ofrecemos soluciones para oficinas, escuelas, profesionales y hogar. Contamos con equipos gamer, accesorios para gaming, podcast y streaming, adem\u00e1s de pantallas, equipos de c\u00f3mputo y figuras de colecci\u00f3n originales (incluidos Funkos). Solicita nuestras listas de precios actualizadas con tarifas preferenciales por pieza y mayoreo. Pide tu [&hellip;]<\/p>\n","protected":false},"author":1,"featured_media":0,"parent":0,"menu_order":0,"comment_status":"closed","ping_status":"closed","template":"","meta":{"footnotes":""},"class_list":["post-10403","page","type-page","status-publish","hentry"],"blocksy_meta":{"has_hero_section":"disabled","vertical_spacing_source":"custom","content_area_spacing":"none","styles_descriptor":{"styles":{"desktop":"","tablet":"","mobile":""},"google_fonts":[],"version":6}},"_links":{"self":[{"href":"https:\/\/zonebs.com\/index.php\/wp-json\/wp\/v2\/pages\/10403","targetHints":{"allow":["GET"]}}],"collection":[{"href":"https:\/\/zonebs.com\/index.php\/wp-json\/wp\/v2\/pages"}],"about":[{"href":"https:\/\/zonebs.com\/index.php\/wp-json\/wp\/v2\/types\/page"}],"author":[{"embeddable":true,"href":"https:\/\/zonebs.com\/index.php\/wp-json\/wp\/v2\/users\/1"}],"replies":[{"embeddable":true,"href":"https:\/\/zonebs.com\/index.php\/wp-json\/wp\/v2\/comments?post=10403"}],"version-history":[{"count":19,"href":"https:\/\/zonebs.com\/index.php\/wp-json\/wp\/v2\/pages\/10403\/revisions"}],"predecessor-version":[{"id":10437,"href":"https:\/\/zonebs.com\/index.php\/wp-json\/wp\/v2\/pages\/10403\/revisions\/10437"}],"wp:attachment":[{"href":"https:\/\/zonebs.com\/index.php\/wp-json\/wp\/v2\/media?parent=10403"}],"curies":[{"name":"wp","href":"https:\/\/api.w.org\/{rel}","templated":true}]}}