{"id":1477,"date":"2021-02-03T20:28:58","date_gmt":"2021-02-03T20:28:58","guid":{"rendered":"https:\/\/lattice.com.mx\/?page_id=3"},"modified":"2026-03-15T20:49:56","modified_gmt":"2026-03-16T02:49:56","slug":"aviso-privacidad","status":"publish","type":"page","link":"https:\/\/zonebs.com\/index.php\/aviso-privacidad\/","title":{"rendered":"Aviso de privacidad"},"content":{"rendered":"\t\t<div data-elementor-type=\"wp-page\" data-elementor-id=\"1477\" class=\"elementor elementor-1477\" data-elementor-post-type=\"page\">\n\t\t\t\t<div class=\"elementor-element elementor-element-8ff2cca e-flex e-con-boxed e-con e-parent\" data-id=\"8ff2cca\" data-element_type=\"container\" data-e-type=\"container\">\n\t\t\t\t\t<div class=\"e-con-inner\">\n\t\t\t\t<div class=\"elementor-element elementor-element-7113bae elementor-invisible elementor-widget elementor-widget-heading\" data-id=\"7113bae\" data-element_type=\"widget\" data-e-type=\"widget\" data-settings=\"{&quot;_animation&quot;:&quot;fadeInRight&quot;}\" data-widget_type=\"heading.default\">\n\t\t\t\t\t<h2 class=\"elementor-heading-title elementor-size-default\">Aviso de privacidad<\/h2>\t\t\t\t<\/div>\n\t\t\t\t<div class=\"elementor-element elementor-element-07b1e79 elementor-widget elementor-widget-text-editor\" data-id=\"07b1e79\" data-element_type=\"widget\" data-e-type=\"widget\" data-widget_type=\"text-editor.default\">\n\t\t\t\t\t\t\t\t\t<p><strong>ZoneBS<\/strong> es responsable del tratamiento de los datos personales que usted proporciona en nuestro sitio. La informaci\u00f3n recabada \u2014como nombre, correo electr\u00f3nico, usuario de redes sociales, direcci\u00f3n IP y datos de navegaci\u00f3n\u2014 se utiliza exclusivamente para brindar nuestros servicios, responder solicitudes, mejorar la operaci\u00f3n del sitio y generar an\u00e1lisis internos.<\/p><p>\u00a0<\/p><p><strong>ZoneBS<\/strong> no recopila datos sensibles y no comercializa informaci\u00f3n personal. Sus datos podr\u00e1n compartirse \u00fanicamente con proveedores que apoyan el funcionamiento t\u00e9cnico del sitio, bajo medidas estrictas de confidencialidad.<\/p><p>\u00a0<\/p><p>Usted puede ejercer sus derechos de Acceso, Rectificaci\u00f3n, Cancelaci\u00f3n y Oposici\u00f3n (ARCO), as\u00ed como solicitar la revocaci\u00f3n de su consentimiento, enviando un correo a <a href=\"mailto:contacto@zonebs.com\"><strong>contacto@zonebs.com<\/strong><\/a>.<\/p><p>El uso de cookies en zonebs.com permite mejorar la experiencia del usuario y obtener m\u00e9tricas de navegaci\u00f3n. Puede deshabilitarlas desde su navegador.<\/p><p><!-- \/wp:paragraph --><\/p>\t\t\t\t\t\t\t\t<\/div>\n\t\t\t\t\t<\/div>\n\t\t\t\t<\/div>\n\t\t\t\t<\/div>\n\t\t","protected":false},"excerpt":{"rendered":"<p>Aviso de privacidad ZoneBS es responsable del tratamiento de los datos personales que usted proporciona en nuestro sitio. La informaci\u00f3n recabada \u2014como nombre, correo electr\u00f3nico, usuario de redes sociales, direcci\u00f3n IP y datos de navegaci\u00f3n\u2014 se utiliza exclusivamente para brindar nuestros servicios, responder solicitudes, mejorar la operaci\u00f3n del sitio y generar an\u00e1lisis internos. \u00a0 ZoneBS [&hellip;]<\/p>\n","protected":false},"author":1,"featured_media":0,"parent":0,"menu_order":0,"comment_status":"closed","ping_status":"closed","template":"","meta":{"footnotes":""},"class_list":["post-1477","page","type-page","status-publish","hentry"],"blocksy_meta":[],"_links":{"self":[{"href":"https:\/\/zonebs.com\/index.php\/wp-json\/wp\/v2\/pages\/1477","targetHints":{"allow":["GET"]}}],"collection":[{"href":"https:\/\/zonebs.com\/index.php\/wp-json\/wp\/v2\/pages"}],"about":[{"href":"https:\/\/zonebs.com\/index.php\/wp-json\/wp\/v2\/types\/page"}],"author":[{"embeddable":true,"href":"https:\/\/zonebs.com\/index.php\/wp-json\/wp\/v2\/users\/1"}],"replies":[{"embeddable":true,"href":"https:\/\/zonebs.com\/index.php\/wp-json\/wp\/v2\/comments?post=1477"}],"version-history":[{"count":13,"href":"https:\/\/zonebs.com\/index.php\/wp-json\/wp\/v2\/pages\/1477\/revisions"}],"predecessor-version":[{"id":10194,"href":"https:\/\/zonebs.com\/index.php\/wp-json\/wp\/v2\/pages\/1477\/revisions\/10194"}],"wp:attachment":[{"href":"https:\/\/zonebs.com\/index.php\/wp-json\/wp\/v2\/media?parent=1477"}],"curies":[{"name":"wp","href":"https:\/\/api.w.org\/{rel}","templated":true}]}}