{"id":7644,"date":"2025-10-22T13:02:40","date_gmt":"2025-10-22T19:02:40","guid":{"rendered":"https:\/\/lattice.com.mx\/gl\/?page_id=7644"},"modified":"2026-03-22T23:07:16","modified_gmt":"2026-03-23T05:07:16","slug":"somos","status":"publish","type":"page","link":"https:\/\/zonebs.com\/index.php\/somos\/","title":{"rendered":"Somos"},"content":{"rendered":"\t\t<div data-elementor-type=\"wp-page\" data-elementor-id=\"7644\" class=\"elementor elementor-7644\" data-elementor-post-type=\"page\">\n\t\t\t\t<div class=\"elementor-element elementor-element-4c7a0d2 e-con-full e-flex e-con e-parent\" data-id=\"4c7a0d2\" data-element_type=\"container\" data-e-type=\"container\" data-settings=\"{&quot;background_background&quot;:&quot;video&quot;,&quot;background_video_link&quot;:&quot;https:\\\/\\\/zonebs.com\\\/wp-content\\\/uploads\\\/2026\\\/03\\\/Creacion_de_Secuencia_de_Graficos_de_Radio.mp4&quot;,&quot;background_play_on_mobile&quot;:&quot;yes&quot;,&quot;shape_divider_top&quot;:&quot;split&quot;,&quot;shape_divider_bottom&quot;:&quot;split&quot;}\">\n\t\t<div class=\"elementor-background-video-container\">\n\t\t\t\t\t\t\t<video class=\"elementor-background-video-hosted\" role=\"presentation\" autoplay muted playsinline loop><\/video>\n\t\t\t\t\t<\/div>\t\t<div class=\"elementor-shape elementor-shape-top\" aria-hidden=\"true\" data-negative=\"false\">\n\t\t\t<svg xmlns=\"http:\/\/www.w3.org\/2000\/svg\" viewBox=\"0 0 1000 20\" preserveAspectRatio=\"none\">\n\t<path class=\"elementor-shape-fill\" d=\"M0,0v3c0,0,393.8,0,483.4,0c9.2,0,16.6,7.4,16.6,16.6c0-9.1,7.4-16.6,16.6-16.6C606.2,3,1000,3,1000,3V0H0z\"\/>\n<\/svg>\t\t<\/div>\n\t\t\t\t<div class=\"elementor-shape elementor-shape-bottom\" aria-hidden=\"true\" data-negative=\"false\">\n\t\t\t<svg xmlns=\"http:\/\/www.w3.org\/2000\/svg\" viewBox=\"0 0 1000 20\" preserveAspectRatio=\"none\">\n\t<path class=\"elementor-shape-fill\" d=\"M0,0v3c0,0,393.8,0,483.4,0c9.2,0,16.6,7.4,16.6,16.6c0-9.1,7.4-16.6,16.6-16.6C606.2,3,1000,3,1000,3V0H0z\"\/>\n<\/svg>\t\t<\/div>\n\t\t\t\t<div class=\"elementor-element elementor-element-0ae3174 elementor-invisible elementor-widget elementor-widget-heading\" data-id=\"0ae3174\" data-element_type=\"widget\" data-e-type=\"widget\" data-settings=\"{&quot;_animation&quot;:&quot;fadeInUp&quot;}\" data-widget_type=\"heading.default\">\n\t\t\t\t\t<h1 class=\"elementor-heading-title elementor-size-default\">Somos<\/h1>\t\t\t\t<\/div>\n\t\t\t\t<\/div>\n\t\t<div class=\"elementor-element elementor-element-cd4c1d2 e-flex e-con-boxed e-con e-parent\" data-id=\"cd4c1d2\" data-element_type=\"container\" data-e-type=\"container\">\n\t\t\t\t\t<div class=\"e-con-inner\">\n\t\t\t\t<div class=\"elementor-element elementor-element-66548e5 elementor-invisible elementor-widget elementor-widget-text-editor\" data-id=\"66548e5\" data-element_type=\"widget\" data-e-type=\"widget\" data-settings=\"{&quot;_animation&quot;:&quot;slideInDown&quot;}\" data-widget_type=\"text-editor.default\">\n\t\t\t\t\t\t\t\t\t<p>Desde su fundaci\u00f3n en 2010, <strong>ZoneBS<\/strong> se ha consolidado como una plataforma integral que fusiona m\u00fasica, arte, moda y cultura alternativa en un solo espacio. M\u00e1s que una radio online, somos un ecosistema vibrante donde marcas visionarias, creadores independientes y audiencias apasionadas convergen para dar vida a experiencias \u00fanicas.<\/p><p>A trav\u00e9s de nuestra transmisi\u00f3n ininterrumpida, eventos exclusivos y estrategias de visibilidad innovadoras, conectamos con una comunidad global que valora la autenticidad y la creatividad sin filtros. Desde artistas emergentes hasta marcas disruptivas, en <strong>ZoneBS<\/strong> potenciamos lo alternativo y lo convertimos en una oportunidad de impacto real.<\/p>\t\t\t\t\t\t\t\t<\/div>\n\t\t\t\t\t<\/div>\n\t\t\t\t<\/div>\n\t\t<div class=\"elementor-element elementor-element-f916837 e-flex e-con-boxed elementor-invisible e-con e-parent\" data-id=\"f916837\" data-element_type=\"container\" data-e-type=\"container\" data-settings=\"{&quot;motion_fx_motion_fx_scrolling&quot;:&quot;yes&quot;,&quot;animation&quot;:&quot;fadeIn&quot;,&quot;motion_fx_devices&quot;:[&quot;desktop&quot;,&quot;tablet&quot;,&quot;mobile&quot;]}\">\n\t\t\t\t\t<div class=\"e-con-inner\">\n\t\t<div class=\"elementor-element elementor-element-e7bbeee e-con-full ct-boxshadow e-flex e-con e-child\" data-id=\"e7bbeee\" data-element_type=\"container\" data-e-type=\"container\" data-settings=\"{&quot;background_background&quot;:&quot;classic&quot;}\">\n\t\t\t\t<div class=\"elementor-element elementor-element-7e46975 elementor-widget__width-initial elementor-invisible elementor-widget elementor-widget-heading\" data-id=\"7e46975\" data-element_type=\"widget\" data-e-type=\"widget\" data-settings=\"{&quot;_animation&quot;:&quot;fadeInUp&quot;}\" data-widget_type=\"heading.default\">\n\t\t\t\t\t<h2 class=\"elementor-heading-title elementor-size-default\">Nuestra Misi\u00f3n<\/h2>\t\t\t\t<\/div>\n\t\t\t\t<div class=\"elementor-element elementor-element-ee06cd4 elementor-widget__width-initial elementor-invisible elementor-widget elementor-widget-text-editor\" data-id=\"ee06cd4\" data-element_type=\"widget\" data-e-type=\"widget\" data-settings=\"{&quot;_animation&quot;:&quot;fadeInRight&quot;}\" data-widget_type=\"text-editor.default\">\n\t\t\t\t\t\t\t\t\t<p>Ser la plataforma l\u00edder en la promoci\u00f3n de la cultura alternativa y underground, brindando un espacio de expresi\u00f3n libre para m\u00fasicos, artistas, creadores y marcas que desaf\u00edan lo convencional. A trav\u00e9s de nuestra red de radio, eventos y colaboraciones estrat\u00e9gicas, impulsamos el talento emergente y creamos conexiones significativas entre las audiencias y las industrias creativas.<\/p>\t\t\t\t\t\t\t\t<\/div>\n\t\t\t\t<\/div>\n\t\t\t\t\t<\/div>\n\t\t\t\t<\/div>\n\t\t<div class=\"elementor-element elementor-element-58f1882 e-flex e-con-boxed e-con e-parent\" data-id=\"58f1882\" data-element_type=\"container\" data-e-type=\"container\">\n\t\t\t\t\t<div class=\"e-con-inner\">\n\t\t\t\t<div class=\"elementor-element elementor-element-d695768 elementor-widget elementor-widget-spacer\" data-id=\"d695768\" data-element_type=\"widget\" data-e-type=\"widget\" data-widget_type=\"spacer.default\">\n\t\t\t\t\t\t\t<div class=\"elementor-spacer\">\n\t\t\t<div class=\"elementor-spacer-inner\"><\/div>\n\t\t<\/div>\n\t\t\t\t\t\t<\/div>\n\t\t\t\t\t<\/div>\n\t\t\t\t<\/div>\n\t\t<div class=\"elementor-element elementor-element-134e9d5 e-flex e-con-boxed elementor-invisible e-con e-parent\" data-id=\"134e9d5\" data-element_type=\"container\" data-e-type=\"container\" data-settings=\"{&quot;motion_fx_motion_fx_scrolling&quot;:&quot;yes&quot;,&quot;animation&quot;:&quot;fadeIn&quot;,&quot;motion_fx_devices&quot;:[&quot;desktop&quot;,&quot;tablet&quot;,&quot;mobile&quot;]}\">\n\t\t\t\t\t<div class=\"e-con-inner\">\n\t\t<div class=\"elementor-element elementor-element-e813595 e-con-full ct-boxshadow e-flex e-con e-child\" data-id=\"e813595\" data-element_type=\"container\" data-e-type=\"container\" data-settings=\"{&quot;background_background&quot;:&quot;classic&quot;}\">\n\t\t\t\t<div class=\"elementor-element elementor-element-7e1f104 elementor-widget__width-initial elementor-invisible elementor-widget elementor-widget-heading\" data-id=\"7e1f104\" data-element_type=\"widget\" data-e-type=\"widget\" data-settings=\"{&quot;_animation&quot;:&quot;fadeInUp&quot;}\" data-widget_type=\"heading.default\">\n\t\t\t\t\t<h2 class=\"elementor-heading-title elementor-size-default\">Nuestra Visi\u00f3n<\/h2>\t\t\t\t<\/div>\n\t\t\t\t<div class=\"elementor-element elementor-element-128cb0f elementor-widget__width-initial elementor-invisible elementor-widget elementor-widget-text-editor\" data-id=\"128cb0f\" data-element_type=\"widget\" data-e-type=\"widget\" data-settings=\"{&quot;_animation&quot;:&quot;fadeInRight&quot;}\" data-widget_type=\"text-editor.default\">\n\t\t\t\t\t\t\t\t\t<p>Convertirnos en el epicentro global de la cultura alternativa, uniendo a las voces m\u00e1s innovadoras de la m\u00fasica, el arte, la moda y la creatividad en un solo espacio. Seguiremos expandiendo nuestra influencia con un modelo sustentable que equilibra independencia, impacto y oportunidades para quienes buscan algo m\u00e1s all\u00e1 de lo comercial.<\/p>\t\t\t\t\t\t\t\t<\/div>\n\t\t\t\t<\/div>\n\t\t\t\t\t<\/div>\n\t\t\t\t<\/div>\n\t\t<div class=\"elementor-element elementor-element-a794cc3 e-flex e-con-boxed e-con e-parent\" data-id=\"a794cc3\" data-element_type=\"container\" data-e-type=\"container\">\n\t\t\t\t\t<div class=\"e-con-inner\">\n\t\t\t\t<div class=\"elementor-element elementor-element-a268959 elementor-widget elementor-widget-spacer\" data-id=\"a268959\" data-element_type=\"widget\" data-e-type=\"widget\" data-widget_type=\"spacer.default\">\n\t\t\t\t\t\t\t<div class=\"elementor-spacer\">\n\t\t\t<div class=\"elementor-spacer-inner\"><\/div>\n\t\t<\/div>\n\t\t\t\t\t\t<\/div>\n\t\t\t\t\t<\/div>\n\t\t\t\t<\/div>\n\t\t<div class=\"elementor-element elementor-element-0cea122 e-flex e-con-boxed e-con e-parent\" data-id=\"0cea122\" data-element_type=\"container\" data-e-type=\"container\">\n\t\t\t\t\t<div class=\"e-con-inner\">\n\t\t\t\t<div class=\"elementor-element elementor-element-5814b90 elementor-widget__width-inherit elementor-invisible elementor-widget elementor-widget-heading\" data-id=\"5814b90\" data-element_type=\"widget\" data-e-type=\"widget\" data-settings=\"{&quot;_animation&quot;:&quot;fadeInUp&quot;}\" data-widget_type=\"heading.default\">\n\t\t\t\t\t<h2 class=\"elementor-heading-title elementor-size-default\">Equipo Ejecutivo<\/h2>\t\t\t\t<\/div>\n\t\t\t\t<div class=\"elementor-element elementor-element-ea633e8 elementor-widget__width-inherit elementor-invisible elementor-widget elementor-widget-text-editor\" data-id=\"ea633e8\" data-element_type=\"widget\" data-e-type=\"widget\" data-settings=\"{&quot;_animation&quot;:&quot;fadeInRight&quot;}\" data-widget_type=\"text-editor.default\">\n\t\t\t\t\t\t\t\t\t<p><strong>ZoneBS<\/strong> cuenta con una estructura ejecutiva funcional y adaptable, integrada por un equipo multidisciplinario que combina creatividad, gesti\u00f3n cultural, comunicaci\u00f3n estrat\u00e9gica y desarrollo tecnol\u00f3gico. Actualmente, algunas \u00e1reas son asumidas por miembros del equipo base, con el prop\u00f3sito de consolidarse progresivamente conforme avance la expansi\u00f3n del proyecto.<\/p>\t\t\t\t\t\t\t\t<\/div>\n\t\t\t\t\t<\/div>\n\t\t\t\t<\/div>\n\t\t<div class=\"elementor-element elementor-element-8bd77af e-flex e-con-boxed e-con e-parent\" data-id=\"8bd77af\" data-element_type=\"container\" data-e-type=\"container\" data-settings=\"{&quot;motion_fx_motion_fx_scrolling&quot;:&quot;yes&quot;,&quot;motion_fx_translateY_effect&quot;:&quot;yes&quot;,&quot;motion_fx_translateY_speed&quot;:{&quot;unit&quot;:&quot;px&quot;,&quot;size&quot;:4,&quot;sizes&quot;:[]},&quot;motion_fx_translateY_affectedRange&quot;:{&quot;unit&quot;:&quot;%&quot;,&quot;size&quot;:&quot;&quot;,&quot;sizes&quot;:{&quot;start&quot;:0,&quot;end&quot;:100}},&quot;motion_fx_devices&quot;:[&quot;desktop&quot;,&quot;tablet&quot;,&quot;mobile&quot;]}\">\n\t\t\t\t\t<div class=\"e-con-inner\">\n\t\t<div class=\"elementor-element elementor-element-261e9bb e-grid e-con-full e-con e-child\" data-id=\"261e9bb\" data-element_type=\"container\" data-e-type=\"container\" data-settings=\"{&quot;background_background&quot;:&quot;classic&quot;}\">\n\t\t<div class=\"elementor-element elementor-element-c1444f3 e-con-full ct-backdrop-s ct-boxshadow e-flex e-con e-child\" data-id=\"c1444f3\" data-element_type=\"container\" data-e-type=\"container\" data-settings=\"{&quot;background_background&quot;:&quot;gradient&quot;}\">\n\t\t\t\t<div class=\"elementor-element elementor-element-4417443 elementor-widget__width-initial elementor-invisible elementor-widget elementor-widget-text-editor\" data-id=\"4417443\" data-element_type=\"widget\" data-e-type=\"widget\" data-settings=\"{&quot;_animation&quot;:&quot;fadeInRight&quot;}\" data-widget_type=\"text-editor.default\">\n\t\t\t\t\t\t\t\t\t<p><em><strong>Paola<\/strong><\/em><\/p>\t\t\t\t\t\t\t\t<\/div>\n\t\t\t\t<div class=\"elementor-element elementor-element-8c1fb12 elementor-widget elementor-widget-image\" data-id=\"8c1fb12\" data-element_type=\"widget\" data-e-type=\"widget\" data-widget_type=\"image.default\">\n\t\t\t\t\t\t\t\t\t\t\t\t\t\t\t<img fetchpriority=\"high\" decoding=\"async\" width=\"232\" height=\"300\" src=\"https:\/\/zonebs.com\/wp-content\/uploads\/2026\/02\/Paola-232x300.png\" class=\"attachment-medium size-medium wp-image-9795\" alt=\"\" srcset=\"https:\/\/zonebs.com\/wp-content\/uploads\/2026\/02\/Paola-232x300.png 232w, https:\/\/zonebs.com\/wp-content\/uploads\/2026\/02\/Paola-791x1024.png 791w, https:\/\/zonebs.com\/wp-content\/uploads\/2026\/02\/Paola-768x994.png 768w, https:\/\/zonebs.com\/wp-content\/uploads\/2026\/02\/Paola-1187x1536.png 1187w, https:\/\/zonebs.com\/wp-content\/uploads\/2026\/02\/Paola.png 1352w\" sizes=\"(max-width: 232px) 100vw, 232px\" \/>\t\t\t\t\t\t\t\t\t\t\t\t\t\t\t<\/div>\n\t\t\t\t<div class=\"elementor-element elementor-element-9dcbf74 elementor-widget elementor-widget-eael-adv-accordion\" data-id=\"9dcbf74\" data-element_type=\"widget\" data-e-type=\"widget\" data-widget_type=\"eael-adv-accordion.default\">\n\t\t\t\t\t            <div class=\"eael-adv-accordion\" id=\"eael-adv-accordion-9dcbf74\" data-scroll-on-click=\"no\" data-scroll-speed=\"300\" data-accordion-id=\"9dcbf74\" data-accordion-type=\"accordion\" data-toogle-speed=\"300\">\n            <div class=\"eael-accordion-list\">\n\t\t\t\t\t<div id=\"ceo-directora-general\" class=\"elementor-tab-title eael-accordion-header\" tabindex=\"0\" data-tab=\"1\" aria-controls=\"elementor-tab-content-1651\"><span class=\"eael-advanced-accordion-icon-closed\"><svg aria-hidden=\"true\" class=\"fa-accordion-icon e-font-icon-svg e-fas-angle-right\" viewBox=\"0 0 256 512\" xmlns=\"http:\/\/www.w3.org\/2000\/svg\"><path d=\"M224.3 273l-136 136c-9.4 9.4-24.6 9.4-33.9 0l-22.6-22.6c-9.4-9.4-9.4-24.6 0-33.9l96.4-96.4-96.4-96.4c-9.4-9.4-9.4-24.6 0-33.9L54.3 103c9.4-9.4 24.6-9.4 33.9 0l136 136c9.5 9.4 9.5 24.6.1 34z\"><\/path><\/svg><\/span><span class=\"eael-advanced-accordion-icon-opened\"><svg aria-hidden=\"true\" class=\"fa-accordion-icon e-font-icon-svg e-fas-angle-up\" viewBox=\"0 0 320 512\" xmlns=\"http:\/\/www.w3.org\/2000\/svg\"><path d=\"M177 159.7l136 136c9.4 9.4 9.4 24.6 0 33.9l-22.6 22.6c-9.4 9.4-24.6 9.4-33.9 0L160 255.9l-96.4 96.4c-9.4 9.4-24.6 9.4-33.9 0L7 329.7c-9.4-9.4-9.4-24.6 0-33.9l136-136c9.4-9.5 24.6-9.5 34-.1z\"><\/path><\/svg><\/span><span class=\"eael-accordion-tab-title\">CEO \/ Directora General<\/span><\/div><div id=\"elementor-tab-content-1651\" class=\"eael-accordion-content clearfix\" data-tab=\"1\" aria-labelledby=\"ceo-directora-general\"><p>Responsable de la direcci\u00f3n estrat\u00e9gica, las alianzas institucionales y la visi\u00f3n global del proyecto.<\/p><\/div>\n\t\t\t\t\t<\/div><\/div>\t\t\t\t<\/div>\n\t\t\t\t<\/div>\n\t\t<div class=\"elementor-element elementor-element-4834998 e-con-full ct-backdrop-s ct-boxshadow e-flex e-con e-child\" data-id=\"4834998\" data-element_type=\"container\" data-e-type=\"container\" data-settings=\"{&quot;background_background&quot;:&quot;gradient&quot;}\">\n\t\t\t\t<div class=\"elementor-element elementor-element-5015700 elementor-widget__width-initial elementor-invisible elementor-widget elementor-widget-text-editor\" data-id=\"5015700\" data-element_type=\"widget\" data-e-type=\"widget\" data-settings=\"{&quot;_animation&quot;:&quot;fadeInRight&quot;}\" data-widget_type=\"text-editor.default\">\n\t\t\t\t\t\t\t\t\t<p><em><strong>Antonio<\/strong><\/em><\/p>\t\t\t\t\t\t\t\t<\/div>\n\t\t\t\t<div class=\"elementor-element elementor-element-44df854 elementor-widget elementor-widget-image\" data-id=\"44df854\" data-element_type=\"widget\" data-e-type=\"widget\" data-widget_type=\"image.default\">\n\t\t\t\t\t\t\t\t\t\t\t\t\t\t\t<img decoding=\"async\" width=\"232\" height=\"300\" src=\"https:\/\/zonebs.com\/wp-content\/uploads\/2026\/02\/Antonio-232x300.png\" class=\"attachment-medium size-medium wp-image-9796\" alt=\"\" srcset=\"https:\/\/zonebs.com\/wp-content\/uploads\/2026\/02\/Antonio-232x300.png 232w, https:\/\/zonebs.com\/wp-content\/uploads\/2026\/02\/Antonio-791x1024.png 791w, https:\/\/zonebs.com\/wp-content\/uploads\/2026\/02\/Antonio-768x994.png 768w, https:\/\/zonebs.com\/wp-content\/uploads\/2026\/02\/Antonio-1187x1536.png 1187w, https:\/\/zonebs.com\/wp-content\/uploads\/2026\/02\/Antonio.png 1352w\" sizes=\"(max-width: 232px) 100vw, 232px\" \/>\t\t\t\t\t\t\t\t\t\t\t\t\t\t\t<\/div>\n\t\t\t\t<div class=\"elementor-element elementor-element-4c51a65 elementor-widget elementor-widget-eael-adv-accordion\" data-id=\"4c51a65\" data-element_type=\"widget\" data-e-type=\"widget\" data-widget_type=\"eael-adv-accordion.default\">\n\t\t\t\t\t            <div class=\"eael-adv-accordion\" id=\"eael-adv-accordion-4c51a65\" data-scroll-on-click=\"no\" data-scroll-speed=\"300\" data-accordion-id=\"4c51a65\" data-accordion-type=\"accordion\" data-toogle-speed=\"300\">\n            <div class=\"eael-accordion-list\">\n\t\t\t\t\t<div id=\"direccin-creativa-branding\" class=\"elementor-tab-title eael-accordion-header\" tabindex=\"0\" data-tab=\"1\" aria-controls=\"elementor-tab-content-8001\"><span class=\"eael-advanced-accordion-icon-closed\"><svg aria-hidden=\"true\" class=\"fa-accordion-icon e-font-icon-svg e-fas-angle-right\" viewBox=\"0 0 256 512\" xmlns=\"http:\/\/www.w3.org\/2000\/svg\"><path d=\"M224.3 273l-136 136c-9.4 9.4-24.6 9.4-33.9 0l-22.6-22.6c-9.4-9.4-9.4-24.6 0-33.9l96.4-96.4-96.4-96.4c-9.4-9.4-9.4-24.6 0-33.9L54.3 103c9.4-9.4 24.6-9.4 33.9 0l136 136c9.5 9.4 9.5 24.6.1 34z\"><\/path><\/svg><\/span><span class=\"eael-advanced-accordion-icon-opened\"><svg aria-hidden=\"true\" class=\"fa-accordion-icon e-font-icon-svg e-fas-angle-up\" viewBox=\"0 0 320 512\" xmlns=\"http:\/\/www.w3.org\/2000\/svg\"><path d=\"M177 159.7l136 136c9.4 9.4 9.4 24.6 0 33.9l-22.6 22.6c-9.4 9.4-24.6 9.4-33.9 0L160 255.9l-96.4 96.4c-9.4 9.4-24.6 9.4-33.9 0L7 329.7c-9.4-9.4-9.4-24.6 0-33.9l136-136c9.4-9.5 24.6-9.5 34-.1z\"><\/path><\/svg><\/span><span class=\"eael-accordion-tab-title\">Direcci\u00f3n Creativa \/ Branding<\/span><\/div><div id=\"elementor-tab-content-8001\" class=\"eael-accordion-content clearfix\" data-tab=\"1\" aria-labelledby=\"direccin-creativa-branding\"><p>A cargo de la identidad visual, el dise\u00f1o institucional y la producci\u00f3n de materiales promocionales.<\/p><\/div>\n\t\t\t\t\t<\/div><\/div>\t\t\t\t<\/div>\n\t\t\t\t<\/div>\n\t\t<div class=\"elementor-element elementor-element-78da441 e-con-full ct-backdrop-s ct-boxshadow e-flex e-con e-child\" data-id=\"78da441\" data-element_type=\"container\" data-e-type=\"container\" data-settings=\"{&quot;background_background&quot;:&quot;gradient&quot;}\">\n\t\t\t\t<div class=\"elementor-element elementor-element-6c037a2 elementor-widget__width-initial elementor-invisible elementor-widget elementor-widget-text-editor\" data-id=\"6c037a2\" data-element_type=\"widget\" data-e-type=\"widget\" data-settings=\"{&quot;_animation&quot;:&quot;fadeInRight&quot;}\" data-widget_type=\"text-editor.default\">\n\t\t\t\t\t\t\t\t\t<p><em><strong>Soledad<\/strong><\/em><\/p>\t\t\t\t\t\t\t\t<\/div>\n\t\t\t\t<div class=\"elementor-element elementor-element-7a4aacb elementor-widget elementor-widget-image\" data-id=\"7a4aacb\" data-element_type=\"widget\" data-e-type=\"widget\" data-widget_type=\"image.default\">\n\t\t\t\t\t\t\t\t\t\t\t\t\t\t\t<img decoding=\"async\" width=\"232\" height=\"300\" src=\"https:\/\/zonebs.com\/wp-content\/uploads\/2026\/02\/4-232x300.png\" class=\"attachment-medium size-medium wp-image-9798\" alt=\"\" srcset=\"https:\/\/zonebs.com\/wp-content\/uploads\/2026\/02\/4-232x300.png 232w, https:\/\/zonebs.com\/wp-content\/uploads\/2026\/02\/4-791x1024.png 791w, https:\/\/zonebs.com\/wp-content\/uploads\/2026\/02\/4-768x994.png 768w, https:\/\/zonebs.com\/wp-content\/uploads\/2026\/02\/4-1187x1536.png 1187w, https:\/\/zonebs.com\/wp-content\/uploads\/2026\/02\/4.png 1352w\" sizes=\"(max-width: 232px) 100vw, 232px\" \/>\t\t\t\t\t\t\t\t\t\t\t\t\t\t\t<\/div>\n\t\t\t\t<div class=\"elementor-element elementor-element-9fb86e3 elementor-widget elementor-widget-eael-adv-accordion\" data-id=\"9fb86e3\" data-element_type=\"widget\" data-e-type=\"widget\" data-widget_type=\"eael-adv-accordion.default\">\n\t\t\t\t\t            <div class=\"eael-adv-accordion\" id=\"eael-adv-accordion-9fb86e3\" data-scroll-on-click=\"no\" data-scroll-speed=\"300\" data-accordion-id=\"9fb86e3\" data-accordion-type=\"accordion\" data-toogle-speed=\"300\">\n            <div class=\"eael-accordion-list\">\n\t\t\t\t\t<div id=\"coo-direccin-de-operaciones\" class=\"elementor-tab-title eael-accordion-header\" tabindex=\"0\" data-tab=\"1\" aria-controls=\"elementor-tab-content-1671\"><span class=\"eael-advanced-accordion-icon-closed\"><svg aria-hidden=\"true\" class=\"fa-accordion-icon e-font-icon-svg e-fas-angle-right\" viewBox=\"0 0 256 512\" xmlns=\"http:\/\/www.w3.org\/2000\/svg\"><path d=\"M224.3 273l-136 136c-9.4 9.4-24.6 9.4-33.9 0l-22.6-22.6c-9.4-9.4-9.4-24.6 0-33.9l96.4-96.4-96.4-96.4c-9.4-9.4-9.4-24.6 0-33.9L54.3 103c9.4-9.4 24.6-9.4 33.9 0l136 136c9.5 9.4 9.5 24.6.1 34z\"><\/path><\/svg><\/span><span class=\"eael-advanced-accordion-icon-opened\"><svg aria-hidden=\"true\" class=\"fa-accordion-icon e-font-icon-svg e-fas-angle-up\" viewBox=\"0 0 320 512\" xmlns=\"http:\/\/www.w3.org\/2000\/svg\"><path d=\"M177 159.7l136 136c9.4 9.4 9.4 24.6 0 33.9l-22.6 22.6c-9.4 9.4-24.6 9.4-33.9 0L160 255.9l-96.4 96.4c-9.4 9.4-24.6 9.4-33.9 0L7 329.7c-9.4-9.4-9.4-24.6 0-33.9l136-136c9.4-9.5 24.6-9.5 34-.1z\"><\/path><\/svg><\/span><span class=\"eael-accordion-tab-title\">COO \/ Direcci\u00f3n de Operaciones<\/span><\/div><div id=\"elementor-tab-content-1671\" class=\"eael-accordion-content clearfix\" data-tab=\"1\" aria-labelledby=\"coo-direccin-de-operaciones\"><p>Encargado de la coordinaci\u00f3n general, la ejecuci\u00f3n de proyectos y la gesti\u00f3n log\u00edstica.<\/p><\/div>\n\t\t\t\t\t<\/div><\/div>\t\t\t\t<\/div>\n\t\t\t\t<\/div>\n\t\t<div class=\"elementor-element elementor-element-b9eeb53 e-con-full ct-backdrop-s ct-boxshadow e-flex e-con e-child\" data-id=\"b9eeb53\" data-element_type=\"container\" data-e-type=\"container\" data-settings=\"{&quot;background_background&quot;:&quot;gradient&quot;}\">\n\t\t\t\t<div class=\"elementor-element elementor-element-05fecbf elementor-widget__width-initial elementor-invisible elementor-widget elementor-widget-text-editor\" data-id=\"05fecbf\" data-element_type=\"widget\" data-e-type=\"widget\" data-settings=\"{&quot;_animation&quot;:&quot;fadeInRight&quot;}\" data-widget_type=\"text-editor.default\">\n\t\t\t\t\t\t\t\t\t<p><em><strong>Yeduan<\/strong><\/em><\/p>\t\t\t\t\t\t\t\t<\/div>\n\t\t\t\t<div class=\"elementor-element elementor-element-25bb312 elementor-widget elementor-widget-image\" data-id=\"25bb312\" data-element_type=\"widget\" data-e-type=\"widget\" data-widget_type=\"image.default\">\n\t\t\t\t\t\t\t\t\t\t\t\t\t\t\t<img loading=\"lazy\" decoding=\"async\" width=\"232\" height=\"300\" src=\"https:\/\/zonebs.com\/wp-content\/uploads\/2026\/02\/Yeduan-232x300.png\" class=\"attachment-medium size-medium wp-image-9797\" alt=\"\" srcset=\"https:\/\/zonebs.com\/wp-content\/uploads\/2026\/02\/Yeduan-232x300.png 232w, https:\/\/zonebs.com\/wp-content\/uploads\/2026\/02\/Yeduan-791x1024.png 791w, https:\/\/zonebs.com\/wp-content\/uploads\/2026\/02\/Yeduan-768x994.png 768w, https:\/\/zonebs.com\/wp-content\/uploads\/2026\/02\/Yeduan-1187x1536.png 1187w, https:\/\/zonebs.com\/wp-content\/uploads\/2026\/02\/Yeduan.png 1352w\" sizes=\"(max-width: 232px) 100vw, 232px\" \/>\t\t\t\t\t\t\t\t\t\t\t\t\t\t\t<\/div>\n\t\t\t\t<div class=\"elementor-element elementor-element-043d6bd elementor-widget elementor-widget-eael-adv-accordion\" data-id=\"043d6bd\" data-element_type=\"widget\" data-e-type=\"widget\" data-widget_type=\"eael-adv-accordion.default\">\n\t\t\t\t\t            <div class=\"eael-adv-accordion\" id=\"eael-adv-accordion-043d6bd\" data-scroll-on-click=\"no\" data-scroll-speed=\"300\" data-accordion-id=\"043d6bd\" data-accordion-type=\"accordion\" data-toogle-speed=\"300\">\n            <div class=\"eael-accordion-list\">\n\t\t\t\t\t<div id=\"tecnologa-y-experiencia-digital\" class=\"elementor-tab-title eael-accordion-header\" tabindex=\"0\" data-tab=\"1\" aria-controls=\"elementor-tab-content-4441\"><span class=\"eael-advanced-accordion-icon-closed\"><svg aria-hidden=\"true\" class=\"fa-accordion-icon e-font-icon-svg e-fas-angle-right\" viewBox=\"0 0 256 512\" xmlns=\"http:\/\/www.w3.org\/2000\/svg\"><path d=\"M224.3 273l-136 136c-9.4 9.4-24.6 9.4-33.9 0l-22.6-22.6c-9.4-9.4-9.4-24.6 0-33.9l96.4-96.4-96.4-96.4c-9.4-9.4-9.4-24.6 0-33.9L54.3 103c9.4-9.4 24.6-9.4 33.9 0l136 136c9.5 9.4 9.5 24.6.1 34z\"><\/path><\/svg><\/span><span class=\"eael-advanced-accordion-icon-opened\"><svg aria-hidden=\"true\" class=\"fa-accordion-icon e-font-icon-svg e-fas-angle-up\" viewBox=\"0 0 320 512\" xmlns=\"http:\/\/www.w3.org\/2000\/svg\"><path d=\"M177 159.7l136 136c9.4 9.4 9.4 24.6 0 33.9l-22.6 22.6c-9.4 9.4-24.6 9.4-33.9 0L160 255.9l-96.4 96.4c-9.4 9.4-24.6 9.4-33.9 0L7 329.7c-9.4-9.4-9.4-24.6 0-33.9l136-136c9.4-9.5 24.6-9.5 34-.1z\"><\/path><\/svg><\/span><span class=\"eael-accordion-tab-title\">Tecnolog\u00eda y Experiencia Digital<\/span><\/div><div id=\"elementor-tab-content-4441\" class=\"eael-accordion-content clearfix\" data-tab=\"1\" aria-labelledby=\"tecnologa-y-experiencia-digital\"><p>Responsable del desarrollo web, el soporte t\u00e9cnico y la experiencia de usuario.<\/p><\/div>\n\t\t\t\t\t<\/div><\/div>\t\t\t\t<\/div>\n\t\t\t\t<\/div>\n\t\t\t\t<\/div>\n\t\t\t\t\t<\/div>\n\t\t\t\t<\/div>\n\t\t\t\t<\/div>\n\t\t","protected":false},"excerpt":{"rendered":"<p>Somos Desde su fundaci\u00f3n en 2010, ZoneBS se ha consolidado como una plataforma integral que fusiona m\u00fasica, arte, moda y cultura alternativa en un solo espacio. M\u00e1s que una radio online, somos un ecosistema vibrante donde marcas visionarias, creadores independientes y audiencias apasionadas convergen para dar vida a experiencias \u00fanicas. A trav\u00e9s de nuestra transmisi\u00f3n [&hellip;]<\/p>\n","protected":false},"author":1,"featured_media":0,"parent":0,"menu_order":0,"comment_status":"closed","ping_status":"closed","template":"elementor_header_footer","meta":{"footnotes":""},"class_list":["post-7644","page","type-page","status-publish","hentry"],"blocksy_meta":[],"_links":{"self":[{"href":"https:\/\/zonebs.com\/index.php\/wp-json\/wp\/v2\/pages\/7644","targetHints":{"allow":["GET"]}}],"collection":[{"href":"https:\/\/zonebs.com\/index.php\/wp-json\/wp\/v2\/pages"}],"about":[{"href":"https:\/\/zonebs.com\/index.php\/wp-json\/wp\/v2\/types\/page"}],"author":[{"embeddable":true,"href":"https:\/\/zonebs.com\/index.php\/wp-json\/wp\/v2\/users\/1"}],"replies":[{"embeddable":true,"href":"https:\/\/zonebs.com\/index.php\/wp-json\/wp\/v2\/comments?post=7644"}],"version-history":[{"count":55,"href":"https:\/\/zonebs.com\/index.php\/wp-json\/wp\/v2\/pages\/7644\/revisions"}],"predecessor-version":[{"id":10263,"href":"https:\/\/zonebs.com\/index.php\/wp-json\/wp\/v2\/pages\/7644\/revisions\/10263"}],"wp:attachment":[{"href":"https:\/\/zonebs.com\/index.php\/wp-json\/wp\/v2\/media?parent=7644"}],"curies":[{"name":"wp","href":"https:\/\/api.w.org\/{rel}","templated":true}]}}